{"id":1677,"date":"2021-11-08T17:22:57","date_gmt":"2021-11-08T16:22:57","guid":{"rendered":"https:\/\/tds.enaiponline.com\/?page_id=1677"},"modified":"2021-11-12T14:02:17","modified_gmt":"2021-11-12T13:02:17","slug":"visite-didattiche","status":"publish","type":"page","link":"https:\/\/catalogo.turismodelgusto.consorziofiq.it\/index.php\/visite-didattiche\/","title":{"rendered":"Visite didattiche"},"content":{"rendered":"<p><div class=\"fusion-fullwidth fullwidth-box fusion-builder-row-1 fusion-flex-container nonhundred-percent-fullwidth non-hundred-percent-height-scrolling\" style=\"background-color: #ffffff;background-position: center center;background-repeat: no-repeat;border-width: 0px 0px 0px 0px;border-color:#e2e2e2;border-style:solid;\" ><div class=\"fusion-builder-row fusion-row fusion-flex-align-items-stretch\" style=\"max-width:calc( 1370px + 60px );margin-left: calc(-60px \/ 2 );margin-right: calc(-60px \/ 2 );\"><div class=\"fusion-layout-column fusion_builder_column fusion-builder-column-0 fusion_builder_column_1_1 1_1 fusion-flex-column fusion-animated\" data-animationType=\"fadeInUp\" data-animationDuration=\"1.0\" data-animationOffset=\"top-into-view\"><div class=\"fusion-column-wrapper fusion-flex-justify-content-flex-start fusion-content-layout-column\" style=\"background-position:left top;background-repeat:no-repeat;-webkit-background-size:cover;-moz-background-size:cover;-o-background-size:cover;background-size:cover;padding: 0px 0px 0px 0px;\"><div class=\"fusion-flip-boxes flip-boxes row fusion-columns-1 flip-effect-classic\"><div class=\"fusion-flip-box-wrapper fusion-column col-lg-12 col-md-12 col-sm-12\"><div class=\"fusion-flip-box flip-right\" tabindex=\"0\"><div class=\"flip-box-inner-wrapper\"><div class=\"flip-box-front\" style=\"background-color:rgba(33,41,52,0);border-color:rgba(0,0,0,0);border-radius:6px;border-style:solid;border-width:0px;color:#000000;transition-duration:0.8s;\"><div class=\"flip-box-front-inner\"><h2 class=\"flip-box-heading without-text\" style=\"color:#000000;\">Visite didattiche<\/h2><\/div><\/div><div class=\"flip-box-back\" style=\"background-color:rgba(101,188,123,0);border-color:rgba(0,0,0,0);border-radius:6px;border-style:solid;border-width:0px;color:rgba(255,255,255,0.8);transition-duration:0.8s;\"><div class=\"flip-box-back-inner\"><h3 class=\"flip-box-heading-back\" style=\"color:#000000;\">Visites \u00e9ducatives<\/h3><\/div><\/div><\/div><\/div><\/div><\/div><div class=\"fusion-separator\" style=\"align-self: flex-start;margin-right:auto;margin-top:0px;margin-bottom:40px;width:100%;max-width:75px;\"><div class=\"fusion-separator-border sep-single sep-solid\" style=\"border-color:#027e40;border-top-width:4px;\"><\/div><\/div><div class=\"fusion-text fusion-text-1 fusion-text-split-columns fusion-text-columns-2\" style=\"text-align:left; -webkit-column-count:2; -webkit-column-gap:80px; -webkit-column-width:200px; -moz-column-count:2; -moz-column-gap:80px; -moz-column-width:200px; column-count:2; column-gap:80px; column-width:200px;\"><p>26 ristoranti di montagna italiani e francesi per scoprire un\u2019area transfrontaliera Alpina che ha una storia importante e tante tradizioni in comune. Una cucina alpina con i suoi prodotti tipici: formaggi stagionati, erbe alpine, patate di montagna, miele e tanto altro e i vini della Strada Reale dei Vini Torinesi e della Savoia e Alta Savoia.<\/p>\n<p>26 restaurants de montagne italiens et fran\u00e7ais pour d\u00e9couvrir une r\u00e9gion transfrontali\u00e8re des Alpes qui a une histoire importante et de nombreuses traditions en commun. Une cuisine alpine avec ses produits typiques: fromages affin\u00e9s, herbes alpines, pommes de terre de montagne, miel et beaucoup plus et les vins de la Route Royale des Vins de Turin et de Savoie.<\/p>\n<\/div><\/div><style type=\"text\/css\">.fusion-body .fusion-builder-column-0{width:100% !important;margin-top : 0px;margin-bottom : 20px;}.fusion-builder-column-0 > .fusion-column-wrapper {padding-top : 0px !important;padding-right : 0px !important;margin-right : 30px;padding-bottom : 0px !important;padding-left : 0px !important;margin-left : 30px;}@media only screen and (max-width:1024px) {.fusion-body .fusion-builder-column-0{width:100% !important;order : 0;margin-bottom : 80px;}.fusion-builder-column-0 > .fusion-column-wrapper {margin-right : 30px;margin-left : 30px;}}@media only screen and (max-width:640px) {.fusion-body .fusion-builder-column-0{width:100% !important;order : 0;margin-bottom : 55px;}.fusion-builder-column-0 > .fusion-column-wrapper {margin-right : 30px;margin-left : 30px;}}<\/style><\/div><\/div><style type=\"text\/css\">.fusion-body .fusion-flex-container.fusion-builder-row-1{ padding-top : 150px;margin-top : 0px;padding-right : 150px;padding-bottom : 100px;margin-bottom : 0px;padding-left : 150px;}@media only screen and (max-width:1024px) {.fusion-body .fusion-flex-container.fusion-builder-row-1{ padding-top : 80px;padding-right : 60px;padding-bottom : 80px;padding-left : 60px;}}@media only screen and (max-width:640px) {.fusion-body .fusion-flex-container.fusion-builder-row-1{ padding-top : 180px;padding-right : 35px;padding-left : 35px;}}<\/style><\/div><div class=\"fusion-fullwidth fullwidth-box fusion-builder-row-2 fusion-flex-container fusion-parallax-none hundred-percent-fullwidth non-hundred-percent-height-scrolling lazyload\" style=\"background-color: rgba(255,255,255,0);background-position: center center;background-repeat: no-repeat;border-width: 0px 0px 0px 0px;border-color:#e2e2e2;border-style:solid;-webkit-background-size:cover;-moz-background-size:cover;-o-background-size:cover;background-size:cover;\" data-bg=\"https:\/\/catalogo.turismodelgusto.consorziofiq.it\/wp-content\/uploads\/2021\/11\/visite.jpg\" ><div class=\"fusion-builder-row fusion-row fusion-flex-align-items-flex-end fusion-flex-justify-content-space-between\" style=\"width:104% !important;max-width:104% !important;margin-left: calc(-4% \/ 2 );margin-right: calc(-4% \/ 2 );\"><div class=\"fusion-layout-column fusion_builder_column fusion-builder-column-1 fusion-flex-column\"><div class=\"fusion-column-wrapper fusion-flex-justify-content-flex-start fusion-content-layout-column\" style=\"background-position:left top;background-repeat:no-repeat;-webkit-background-size:cover;-moz-background-size:cover;-o-background-size:cover;background-size:cover;background-color:rgba(255,255,255,0.85);padding: 4vw 4vw 4vw 4vw;\"><style type=\"text\/css\">@media only screen and (max-width:1024px) {.fusion-title.fusion-title-1{margin-top:0px!important; margin-right:0px!important;margin-bottom:0px!important;margin-left:0px!important;}}@media only screen and (max-width:640px) {.fusion-title.fusion-title-1{margin-top:10px!important; margin-right:0px!important;margin-bottom:10px!important; margin-left:0px!important;}}<\/style><div class=\"fusion-title title fusion-title-1 fusion-sep-none fusion-title-text fusion-title-size-two\" style=\"font-size:42px;margin-top:0px;margin-right:0px;margin-bottom:0px;margin-left:0px;\"><h2 class=\"title-heading-left fusion-responsive-typography-calculated\" style=\"margin:0;font-size:1em;--fontSize:42;line-height:1.2;\">Le imprese.<\/p>\n<p><em>Les entreprises.<\/em><\/h2><\/div><div class=\"fusion-separator\" style=\"align-self: flex-start;margin-right:auto;margin-top:40px;margin-bottom:40px;width:100%;max-width:75px;\"><div class=\"fusion-separator-border sep-single sep-solid\" style=\"border-color:rgba(78,109,67,0.25);border-top-width:4px;\"><\/div><\/div><div class=\"fusion-text fusion-text-2\" style=\"text-align:left;\"><p>Queste imprese del settore turistico alberghiero hanno dato la loro disponibilit\u00e0 ad ospitare visite di orientamento\/approfondimento rivolte a studenti, giovani in obbligo formativo e adulti disoccupati. Scarica il catalogo delle visite didattiche in Italia. Per l\u2019organizzazione contattare <a href=\"mailto:info@consorziofiq.it\">info@consorziofiq.it<\/a>.<\/p>\n<p><em>Ces entreprises du secteur de l&#8217;h\u00f4tellerie touristique ont manifest\u00e9 leur volont\u00e9 d&#8217;accueillir des visites d\u2019\u00e9tudes, d&#8217;orientation et approfondissement, destin\u00e9es aux \u00e9tudiants, aux jeunes en formation obligatoire et aux adultes sans emploi. T\u00e9l\u00e9chargez le catalogue des visites \u00e9ducatives en France. Pour l&#8217;organisation, contactez <a href=\"mailto:info@consorziofiq.it\">info@consorziofiq.it<\/a>.<\/em><\/p>\n<\/div><div style=\"text-align:center;\"><style type=\"text\/css\">.fusion-button.button-1 .fusion-button-text, .fusion-button.button-1 i {color:#ffffff;}.fusion-button.button-1 .fusion-button-icon-divider{border-color:#ffffff;}.fusion-button.button-1:hover .fusion-button-text, .fusion-button.button-1:hover i,.fusion-button.button-1:focus .fusion-button-text, .fusion-button.button-1:focus i,.fusion-button.button-1:active .fusion-button-text, .fusion-button.button-1:active{color:#ffffff;}.fusion-button.button-1:hover .fusion-button-icon-divider, .fusion-button.button-1:hover .fusion-button-icon-divider, .fusion-button.button-1:active .fusion-button-icon-divider{border-color:#ffffff;}.fusion-button.button-1:hover, .fusion-button.button-1:focus, .fusion-button.button-1:active{border-color:#ffffff;}.fusion-button.button-1 {border-color:#ffffff;border-radius:0px;}.fusion-button.button-1{background: #4e6d43;}.fusion-button.button-1:hover,.button-1:focus,.fusion-button.button-1:active{background: #000000;}<\/style><a class=\"fusion-button button-flat fusion-button-default-size button-custom button-1 fusion-button-default-span fusion-button-default-type\" target=\"_blank\" rel=\"noopener noreferrer\" href=\"https:\/\/issuu.com\/enaippiemonte\/docs\/locali_tdg\" style=\"margin-top:20px;\"><span class=\"fusion-button-text\">Sfoglia \/ Consultez<\/span><i class=\"builder-arrow button-icon-right\" aria-hidden=\"true\"><\/i><\/a><\/div><div style=\"text-align:center;\"><style type=\"text\/css\">.fusion-button.button-2 .fusion-button-text, .fusion-button.button-2 i {color:#ffffff;}.fusion-button.button-2 .fusion-button-icon-divider{border-color:#ffffff;}.fusion-button.button-2:hover .fusion-button-text, .fusion-button.button-2:hover i,.fusion-button.button-2:focus .fusion-button-text, .fusion-button.button-2:focus i,.fusion-button.button-2:active .fusion-button-text, .fusion-button.button-2:active{color:#ffffff;}.fusion-button.button-2:hover .fusion-button-icon-divider, .fusion-button.button-2:hover .fusion-button-icon-divider, .fusion-button.button-2:active .fusion-button-icon-divider{border-color:#ffffff;}.fusion-button.button-2:hover, .fusion-button.button-2:focus, .fusion-button.button-2:active{border-color:#ffffff;}.fusion-button.button-2 {border-color:#ffffff;border-radius:0px;}.fusion-button.button-2{background: #4e6d43;}.fusion-button.button-2:hover,.button-2:focus,.fusion-button.button-2:active{background: #000000;}<\/style><a class=\"fusion-button button-flat fusion-button-default-size button-custom button-2 fusion-button-default-span fusion-button-default-type\" target=\"_blank\" rel=\"noopener noreferrer\" href=\"\/wp-content\/uploads\/2021\/11\/LOCALI-TDG.pdf\" style=\"margin-top:20px;\"><span class=\"fusion-button-text\">Download<\/span><i class=\"builder-arrow button-icon-right\" aria-hidden=\"true\"><\/i><\/a><\/div><\/div><style type=\"text\/css\">.fusion-body .fusion-builder-column-1{width:50% !important;margin-top : 0px;margin-bottom : 55px;}.fusion-builder-column-1 > .fusion-column-wrapper {padding-top : 4vw !important;padding-right : 4vw !important;margin-right : 3.84%;padding-bottom : 4vw !important;padding-left : 4vw !important;margin-left : 3.84%;}@media only screen and (max-width:1024px) {.fusion-body .fusion-builder-column-1{width:65% !important;order : 0;margin-bottom : 80px;}.fusion-builder-column-1 > .fusion-column-wrapper {margin-right : 0;margin-left : 2.9538461538462%;}}@media only screen and (max-width:640px) {.fusion-body .fusion-builder-column-1{width:100% !important;order : 0;}.fusion-builder-column-1 > .fusion-column-wrapper {padding-top : 50px !important;padding-right : 50px !important;margin-right : 1.92%;padding-bottom : 50px !important;padding-left : 50px !important;margin-left : 1.92%;}}<\/style><\/div><div class=\"fusion-layout-column fusion_builder_column fusion-builder-column-2 fusion-flex-column\"><div class=\"fusion-column-wrapper fusion-flex-justify-content-flex-end fusion-content-layout-column\" style=\"background-position:left top;background-repeat:no-repeat;-webkit-background-size:cover;-moz-background-size:cover;-o-background-size:cover;background-size:cover;padding: 0px 0px 0px 0px;\"><\/div><style type=\"text\/css\">.fusion-body .fusion-builder-column-2{width:25.73% !important;margin-top : 0px;margin-bottom : 0px;}.fusion-builder-column-2 > .fusion-column-wrapper {padding-top : 0px !important;padding-right : 0px !important;margin-right : 7.462106490478%;padding-bottom : 0px !important;padding-left : 0px !important;margin-left : 7.462106490478%;}@media only screen and (max-width:1024px) {.fusion-body .fusion-builder-column-2{width:35% !important;order : 0;}.fusion-builder-column-2 > .fusion-column-wrapper {margin-right : 5.4857142857143%;margin-left : 0;}}@media only screen and (max-width:640px) {.fusion-body .fusion-builder-column-2{width:100% !important;order : 0;}.fusion-builder-column-2 > .fusion-column-wrapper {margin-right : 1.92%;margin-left : 1.92%;}}<\/style><\/div><\/div><style type=\"text\/css\">.fusion-body .fusion-flex-container.fusion-builder-row-2{ padding-top : 55px;margin-top : 0px;padding-right : 0px;padding-bottom : 0px;margin-bottom : 55px;padding-left : 12%;}@media only screen and (max-width:1024px) {.fusion-body .fusion-flex-container.fusion-builder-row-2{ padding-top : 80px;margin-bottom : 80px;padding-left : 80px;}}@media only screen and (max-width:640px) {.fusion-body .fusion-flex-container.fusion-builder-row-2{ padding-top : 55px;padding-right : 35px;padding-bottom : 55px;margin-bottom : 0;padding-left : 35px;}}<\/style><\/div><\/p>\n","protected":false},"excerpt":{"rendered":"","protected":false},"author":1,"featured_media":0,"parent":0,"menu_order":0,"comment_status":"closed","ping_status":"closed","template":"100-width.php","meta":{"footnotes":""},"class_list":["post-1677","page","type-page","status-publish","hentry"],"_links":{"self":[{"href":"https:\/\/catalogo.turismodelgusto.consorziofiq.it\/index.php\/wp-json\/wp\/v2\/pages\/1677","targetHints":{"allow":["GET"]}}],"collection":[{"href":"https:\/\/catalogo.turismodelgusto.consorziofiq.it\/index.php\/wp-json\/wp\/v2\/pages"}],"about":[{"href":"https:\/\/catalogo.turismodelgusto.consorziofiq.it\/index.php\/wp-json\/wp\/v2\/types\/page"}],"author":[{"embeddable":true,"href":"https:\/\/catalogo.turismodelgusto.consorziofiq.it\/index.php\/wp-json\/wp\/v2\/users\/1"}],"replies":[{"embeddable":true,"href":"https:\/\/catalogo.turismodelgusto.consorziofiq.it\/index.php\/wp-json\/wp\/v2\/comments?post=1677"}],"version-history":[{"count":20,"href":"https:\/\/catalogo.turismodelgusto.consorziofiq.it\/index.php\/wp-json\/wp\/v2\/pages\/1677\/revisions"}],"predecessor-version":[{"id":1757,"href":"https:\/\/catalogo.turismodelgusto.consorziofiq.it\/index.php\/wp-json\/wp\/v2\/pages\/1677\/revisions\/1757"}],"wp:attachment":[{"href":"https:\/\/catalogo.turismodelgusto.consorziofiq.it\/index.php\/wp-json\/wp\/v2\/media?parent=1677"}],"curies":[{"name":"wp","href":"https:\/\/api.w.org\/{rel}","templated":true}]}}