{"id":1751,"date":"2021-11-12T12:14:18","date_gmt":"2021-11-12T11:14:18","guid":{"rendered":"https:\/\/tds.enaiponline.com\/?page_id=1751"},"modified":"2021-11-12T12:29:37","modified_gmt":"2021-11-12T11:29:37","slug":"informativa-sul-trattamento-dei-dati-personali","status":"publish","type":"page","link":"https:\/\/catalogo.turismodelgusto.consorziofiq.it\/index.php\/informativa-sul-trattamento-dei-dati-personali\/","title":{"rendered":"Informativa sul trattamento dei dati personali"},"content":{"rendered":"<div class=\"fusion-fullwidth fullwidth-box fusion-builder-row-1 fusion-flex-container nonhundred-percent-fullwidth non-hundred-percent-height-scrolling\" style=\"background-color: rgba(255,255,255,0);background-position: center center;background-repeat: no-repeat;border-width: 0px 0px 0px 0px;border-color:#e2e2e2;border-style:solid;\" ><div class=\"fusion-builder-row fusion-row fusion-flex-align-items-flex-start\" style=\"max-width:1424.8px;margin-left: calc(-4% \/ 2 );margin-right: calc(-4% \/ 2 );\"><div class=\"fusion-layout-column fusion_builder_column fusion-builder-column-0 fusion_builder_column_1_1 1_1 fusion-flex-column\"><div class=\"fusion-column-wrapper fusion-flex-justify-content-flex-start fusion-content-layout-column\" style=\"background-position:left top;background-repeat:no-repeat;-webkit-background-size:cover;-moz-background-size:cover;-o-background-size:cover;background-size:cover;padding: 0px 0px 0px 0px;\"><div class=\"fusion-text fusion-text-1\"><h1>Informativa sul trattamento dei dati personali ex artt. 13-14 Reg.to UE 2016\/679<\/h1>\n<h2>Soggetti Interessati: Partecipanti ai corsi<\/h2>\n<p>Consorzio per la Formazione, l&#8217;Innovazione e la Qualit\u00e0 nella qualit\u00e0 di Titolare del trattamento dei Suoi dati personali, ai sensi e per gli effetti del Reg.to UE 2016\/679 di seguito &#8216;GDPR&#8217;, con la presente La informa che la citata normativa prevede la tutela degli interessati rispetto al trattamento dei dati personali e che tale trattamento sar\u00e0 improntato ai principi di correttezza, liceit\u00e0, trasparenza e di tutela della Sua riservatezza e dei Suoi diritti.<\/p>\n<p>I Suoi dati personali verranno trattati in accordo alle disposizioni legislative della normativa sopra richiamata e degli obblighi di riservatezza ivi previsti.<\/p>\n<p>Finalit\u00e0 e base giuridica del trattamento: in particolare i Suoi dati verranno trattati per le seguenti finalit\u00e0 connesse all&#8217;attuazione di adempimenti relativi ad obblighi legislativi:<\/p>\n<ul>\n<li>adempimenti obbligatori per legge in campo fiscale e contabile;<\/li>\n<li>obblighi connessi all&#8217;erogazione della formazione a distanza;<\/li>\n<li>istruzione ed assistenza scolastica;<\/li>\n<li>di obblighi previsti dalle leggi vigenti.<\/li>\n<\/ul>\n<p>I Suoi dati saranno inoltre utilizzati per le seguenti finalit\u00e0 necessarie per il perseguimento del legittimo interesse del titolare:<\/p>\n<ul>\n<li>servizi di controllo interno.<\/li>\n<\/ul>\n<p>Ai fini dell&#8217;indicato trattamento, il Titolare potr\u00e0 venire a conoscenza di categorie particolari di dati personali ed in dettaglio: origini razziali o etniche, stato di salute. I trattamenti di dati personali per queste categorie particolari sono effettuati in osservanza dell&#8217;art 9 del GDPR.<\/p>\n<p>I Suoi dati personali potranno inoltre, previo suo consenso, essere utilizzati per le seguenti finalit\u00e0:<\/p>\n<ul>\n<li>Eventualmente per attivit\u00e0 promozionali inerenti a corsi ed eventi.<\/li>\n<\/ul>\n<p>Il conferimento dei dati \u00e8 per Lei facoltativo riguardo alle sopraindicate finalit\u00e0, ed un suo eventuale rifiuto al trattamento non compromette la prosecuzione del rapporto o la congruit\u00e0 del trattamento stesso.<\/p>\n<p>Modalit\u00e0 del trattamento. I suoi dati personali potranno essere trattati nei seguenti modi:<\/p>\n<ul>\n<li>trattamento a mezzo di calcolatori elettronici;<\/li>\n<li>trattamento manuale a mezzo di archivi cartacei.<\/li>\n<\/ul>\n<p>Ogni trattamento avviene nel rispetto delle modalit\u00e0 di cui agli artt. 6, 32 del GDPR e mediante l&#8217;adozione delle adeguate misure di sicurezza previste. I suoi dati saranno trattati unicamente da personale espressamente autorizzato dal Titolare ed, in particolare, dalle seguenti categorie di addetti:<\/p>\n<p>Comunicazione: I suoi dati potranno essere comunicati a soggetti esterni per una corretta gestione del rapporto ed in particolare alle seguenti categorie di Destinatari tra cui tutti i Responsabili del Trattamento debitamente nominati:<\/p>\n<ul>\n<li>Formatori e referenti corsi;<\/li>\n<li>Segreteria didattica;<\/li>\n<li>Ufficio Amministrazione.<\/li>\n<\/ul>\n<p>Diffusione. I dati potranno essere diffusi presso:<\/p>\n<ul>\n<li>consulenti e liberi professionisti, anche in forma associata;<\/li>\n<li>enti previdenziali e assistenziali;<\/li>\n<li>nell&#8217;ambito di soggetti pubblici e\/o privati per i quali la comunicazione dei dati \u00e8 obbligatoria o necessaria in adempimento ad obblighi di legge o sia comunque funzionale all&#8217;amministrazione del rapporto;<\/li>\n<li>Piattaforme di videoconferenza utilizzate per l&#8217;erogazione della formazione a distanza;<\/li>\n<li>subfornitori.<\/li>\n<\/ul>\n<p>Fermo restando il divieto assoluto di diffondere i dati idonei a rivelare lo stato di salute.<\/p>\n<p>I suoi dati personali potranno inoltre essere trasferiti, limitatamente alle finalit\u00e0 sopra riportate, nei seguenti stati:<\/p>\n<ul>\n<li>stati sicuri Extra UE.<\/li>\n<\/ul>\n<p>Titolare: il Titolare del trattamento dei dati, ai sensi della Legge, \u00e8 Consorzio per la Formazione, l&#8217;Innovazione e la Qualit\u00e0 (Via Trieste 42 , 10064 Pinerolo (TO); P. IVA: 07117750013; contattabile ai seguenti recapiti: E-mail: privacy@consorziocfiq.it; Telefono: 0121 393617) nella persona del suo legale rappresentante pro tempore.Periodo di Conservazione. Le segnaliamo che, nel rispetto dei principi di liceit\u00e0, limitazione delle finalit\u00e0 e minimizzazione dei dati, ai sensi dell\u2019art. 5 del GDPR, il periodo di conservazione dei Suoi dati personali \u00e8:<\/p>\n<p>stabilito per un arco di tempo non superiore all&#8217;espletamento dei servizi erogati;<\/p>\n<p>stabilito per un arco di tempo non superiore al conseguimento delle finalit\u00e0 per le quali sono raccolti e trattati e nel rispetto dei tempi obbligatori prescritti dalla legge.<\/p>\n<p>Il responsabile della protezione dei dati (DPO) designato dal titolare ai sensi dell&#8217;art.37 del GDPR \u00e8:<\/p>\n<p>Debora Marianna Pagano (contattabile ai seguenti recapiti: E-mail: dpo@consorziocfiq.it).<\/p>\n<p>Potr\u00e0 inoltre visionare in ogni momento la versione aggiornata della presente informativa collegandosi all&#8217;indirizzo internet <u>https:\/\/<\/u><a href=\"http:\/\/www.privacylab.it\/informativa.php?15295422430\">www.privacylab.it\/informativa.php?15295422430. <\/a>Lei ha diritto di ottenere dal responsabile la cancellazione (diritto all&#8217;oblio), la limitazione, l&#8217;aggiornamento, la rettificazione, la portabilit\u00e0, l&#8217;opposizione al trattamento dei dati personali che La riguardano, nonch\u00e9 in generale pu\u00f2 esercitare tutti i diritti previsti dagli artt. 15, 16, 17, 18, 19, 20, 21, 22 del GDPR.<\/p>\n<h2>Reg.to UE 2016\/679: Artt. 15, 16, 17, 18, 19, 20, 21, 22 &#8211; Diritti dell&#8217;Interessato<\/h2>\n<p>L&#8217;interessato ha diritto di ottenere la conferma dell&#8217;esistenza o meno di dati personali che lo riguardano, anche se non ancora registrati, la loro comunicazione in forma intelligibile e la possibilit\u00e0 di effettuare reclamo presso l\u2019Autorit\u00e0 di<\/p>\n<p>L&#8217;interessato ha diritto di ottenere l&#8217;indicazione:<\/p>\n<ul>\n<li>dell&#8217;origine dei dati personali;<\/li>\n<li>delle finalit\u00e0 e modalit\u00e0 del trattamento;<\/li>\n<li>della logica applicata in caso di trattamento effettuato con l&#8217;ausilio di strumenti elettronici;<\/li>\n<li>degli estremi identificativi del titolare, dei responsabili e del rappresentante designato ai sensi dell&#8217;articolo 5, comma 2;<\/li>\n<li>dei soggetti o delle categorie di soggetti ai quali i dati personali possono essere comunicati o che possono venirne a conoscenza in qualit\u00e0 di rappresentante designato nel territorio dello Stato, di responsabili o incaricati.<\/li>\n<\/ul>\n<p>L&#8217;interessato ha diritto di ottenere:<\/p>\n<ul>\n<li>l&#8217;aggiornamento, la rettificazione ovvero, quando vi ha interesse, l&#8217;integrazione dei dati;<\/li>\n<li>la cancellazione, la trasformazione in forma anonima o il blocco dei dati trattati in violazione di legge, compresi quelli di cui non \u00e8 necessaria la conservazione in relazione agli scopi per i quali i dati sono stati raccolti o successivamente trattati;<\/li>\n<li>l&#8217;attestazione che le operazioni di cui alle lettere a) e b) sono state portate a conoscenza, anche per quanto riguarda il loro contenuto, di coloro ai quali i dati sono stati comunicati o diffusi, eccettuato il caso in cui tale adempimento si rivela impossibile o comporta un impiego di mezzi manifestamente sproporzionato rispetto al diritto tutelato;<\/li>\n<li>la portabilit\u00e0 dei dati<\/li>\n<\/ul>\n<p>L&#8217;interessato ha diritto di opporsi, in tutto o in parte:<\/p>\n<ul>\n<li>per motivi legittimi al trattamento dei dati personali che lo riguardano, ancorch\u00e9 pertinenti allo scopo della raccolta;<\/li>\n<li>al trattamento di dati personali che lo riguardano a fini di invio di materiale pubblicitario o di vendita diretta o per il compimento di ricerche di mercato o di comunicazione<\/li>\n<\/ul>\n<\/div><\/div><style type=\"text\/css\">.fusion-body .fusion-builder-column-0{width:100% !important;margin-top : 0px;margin-bottom : 20px;}.fusion-builder-column-0 > .fusion-column-wrapper {padding-top : 0px !important;padding-right : 0px !important;margin-right : 1.92%;padding-bottom : 0px !important;padding-left : 0px !important;margin-left : 1.92%;}@media only screen and (max-width:1024px) {.fusion-body .fusion-builder-column-0{width:100% !important;order : 0;}.fusion-builder-column-0 > .fusion-column-wrapper {margin-right : 1.92%;margin-left : 1.92%;}}@media only screen and (max-width:640px) {.fusion-body .fusion-builder-column-0{width:100% !important;order : 0;}.fusion-builder-column-0 > .fusion-column-wrapper {margin-right : 1.92%;margin-left : 1.92%;}}<\/style><\/div><\/div><style type=\"text\/css\">.fusion-body .fusion-flex-container.fusion-builder-row-1{ padding-top : 0px;margin-top : 0px;padding-right : 0px;padding-bottom : 0px;margin-bottom : 0px;padding-left : 0px;}<\/style><\/div>\n","protected":false},"excerpt":{"rendered":"","protected":false},"author":1,"featured_media":0,"parent":0,"menu_order":0,"comment_status":"closed","ping_status":"closed","template":"","meta":{"footnotes":""},"class_list":["post-1751","page","type-page","status-publish","hentry"],"_links":{"self":[{"href":"https:\/\/catalogo.turismodelgusto.consorziofiq.it\/index.php\/wp-json\/wp\/v2\/pages\/1751","targetHints":{"allow":["GET"]}}],"collection":[{"href":"https:\/\/catalogo.turismodelgusto.consorziofiq.it\/index.php\/wp-json\/wp\/v2\/pages"}],"about":[{"href":"https:\/\/catalogo.turismodelgusto.consorziofiq.it\/index.php\/wp-json\/wp\/v2\/types\/page"}],"author":[{"embeddable":true,"href":"https:\/\/catalogo.turismodelgusto.consorziofiq.it\/index.php\/wp-json\/wp\/v2\/users\/1"}],"replies":[{"embeddable":true,"href":"https:\/\/catalogo.turismodelgusto.consorziofiq.it\/index.php\/wp-json\/wp\/v2\/comments?post=1751"}],"version-history":[{"count":2,"href":"https:\/\/catalogo.turismodelgusto.consorziofiq.it\/index.php\/wp-json\/wp\/v2\/pages\/1751\/revisions"}],"predecessor-version":[{"id":1754,"href":"https:\/\/catalogo.turismodelgusto.consorziofiq.it\/index.php\/wp-json\/wp\/v2\/pages\/1751\/revisions\/1754"}],"wp:attachment":[{"href":"https:\/\/catalogo.turismodelgusto.consorziofiq.it\/index.php\/wp-json\/wp\/v2\/media?parent=1751"}],"curies":[{"name":"wp","href":"https:\/\/api.w.org\/{rel}","templated":true}]}}